{"id":1330,"date":"2025-08-19T21:30:12","date_gmt":"2025-08-19T21:30:12","guid":{"rendered":"https:\/\/cormorantbeachhouse.com\/?page_id=1330"},"modified":"2025-08-22T17:05:54","modified_gmt":"2025-08-22T17:05:54","slug":"blog","status":"publish","type":"page","link":"https:\/\/cormorantbeachhouse.com\/es\/blog\/","title":{"rendered":"Blog"},"content":{"rendered":"<div data-elementor-type=\"wp-page\" data-elementor-id=\"1330\" class=\"elementor elementor-1330\" data-elementor-post-type=\"page\">\n\t\t\t\t\t\t<section class=\"elementor-section elementor-top-section elementor-element elementor-element-d1b1411 elementor-section-full_width elementor-section-height-default elementor-section-height-default\" data-id=\"d1b1411\" data-element_type=\"section\" data-settings=\"{&quot;background_background&quot;:&quot;classic&quot;}\">\n\t\t\t\t\t\t\t<div class=\"elementor-background-overlay\"><\/div>\n\t\t\t\t\t\t\t<div class=\"elementor-container elementor-column-gap-default\">\n\t\t\t\t\t<div class=\"elementor-column elementor-col-100 elementor-top-column elementor-element elementor-element-500ae8b\" data-id=\"500ae8b\" data-element_type=\"column\">\n\t\t\t<div class=\"elementor-widget-wrap elementor-element-populated\">\n\t\t\t\t\t\t<div class=\"elementor-element elementor-element-92d1d62 elementor-widget elementor-widget-spacer\" data-id=\"92d1d62\" data-element_type=\"widget\" data-widget_type=\"spacer.default\">\n\t\t\t\t<div class=\"elementor-widget-container\">\n\t\t\t\t\t\t\t<div class=\"elementor-spacer\">\n\t\t\t<div class=\"elementor-spacer-inner\"><\/div>\n\t\t<\/div>\n\t\t\t\t\t\t<\/div>\n\t\t\t\t<\/div>\n\t\t\t\t\t<\/div>\n\t\t<\/div>\n\t\t\t\t\t<\/div>\n\t\t<\/section>\n\t\t\t\t<section class=\"elementor-section elementor-top-section elementor-element elementor-element-0a43abe elementor-section-boxed elementor-section-height-default elementor-section-height-default\" data-id=\"0a43abe\" data-element_type=\"section\" data-settings=\"{&quot;background_background&quot;:&quot;classic&quot;}\">\n\t\t\t\t\t\t<div class=\"elementor-container elementor-column-gap-default\">\n\t\t\t\t\t<div class=\"elementor-column elementor-col-100 elementor-top-column elementor-element elementor-element-2c67119\" data-id=\"2c67119\" data-element_type=\"column\">\n\t\t\t<div class=\"elementor-widget-wrap elementor-element-populated\">\n\t\t\t\t\t\t<div class=\"elementor-element elementor-element-75790a2 elementor-widget elementor-widget-heading\" data-id=\"75790a2\" data-element_type=\"widget\" data-widget_type=\"heading.default\">\n\t\t\t\t<div class=\"elementor-widget-container\">\n\t\t\t\t\t<h2 class=\"elementor-heading-title elementor-size-default\">News<\/h2>\t\t\t\t<\/div>\n\t\t\t\t<\/div>\n\t\t\t\t<div class=\"elementor-element elementor-element-22b83b5 elementor-grid-3 elementor-grid-tablet-2 elementor-grid-mobile-1 elementor-posts--thumbnail-top elementor-card-shadow-yes elementor-posts__hover-gradient elementor-widget elementor-widget-posts\" data-id=\"22b83b5\" data-element_type=\"widget\" data-settings=\"{&quot;cards_row_gap&quot;:{&quot;unit&quot;:&quot;px&quot;,&quot;size&quot;:70,&quot;sizes&quot;:[]},&quot;pagination_type&quot;:&quot;numbers_and_prev_next&quot;,&quot;cards_columns&quot;:&quot;3&quot;,&quot;cards_columns_tablet&quot;:&quot;2&quot;,&quot;cards_columns_mobile&quot;:&quot;1&quot;,&quot;cards_row_gap_tablet&quot;:{&quot;unit&quot;:&quot;px&quot;,&quot;size&quot;:&quot;&quot;,&quot;sizes&quot;:[]},&quot;cards_row_gap_mobile&quot;:{&quot;unit&quot;:&quot;px&quot;,&quot;size&quot;:&quot;&quot;,&quot;sizes&quot;:[]}}\" data-widget_type=\"posts.cards\">\n\t\t\t\t<div class=\"elementor-widget-container\">\n\t\t\t\t\t\t\t<div class=\"elementor-posts-container elementor-posts elementor-posts--skin-cards elementor-grid\">\n\t\t\t\t<article class=\"elementor-post elementor-grid-item post-1477 post type-post status-publish format-standard hentry category-uncategorized\">\n\t\t\t<div class=\"elementor-post__card\">\n\t\t\t\t<div class=\"elementor-post__text\">\n\t\t\t\t<h1 class=\"elementor-post__title\">\n\t\t\t<a href=\"https:\/\/cormorantbeachhouse.com\/es\/meets-reunion\/\" >\n\t\t\t\tReunion Meets\t\t\t<\/a>\n\t\t<\/h1>\n\t\t\t\t<\/div>\n\t\t\t\t<div class=\"elementor-post__meta-data\">\n\t\t\t\t\t<span class=\"elementor-post-date\">\n\t\t\tseptiembre 17, 2025\t\t<\/span>\n\t\t\t\t<\/div>\n\t\t\t\t\t<\/div>\n\t\t<\/article>\n\t\t\t\t<article class=\"elementor-post elementor-grid-item post-1365 post type-post status-publish format-standard has-post-thumbnail hentry category-uncategorized\">\n\t\t\t<div class=\"elementor-post__card\">\n\t\t\t\t<a class=\"elementor-post__thumbnail__link\" href=\"https:\/\/cormorantbeachhouse.com\/es\/yadayada4\/\" tabindex=\"-1\" ><div class=\"elementor-post__thumbnail\"><img fetchpriority=\"high\" decoding=\"async\" width=\"300\" height=\"200\" src=\"https:\/\/cormorantbeachhouse.com\/wp-content\/uploads\/2025\/07\/7-piqueros-2-1-300x200.png\" class=\"attachment-medium size-medium wp-image-555\" alt=\"\" srcset=\"https:\/\/cormorantbeachhouse.com\/wp-content\/uploads\/2025\/07\/7-piqueros-2-1-300x200.png 300w, https:\/\/cormorantbeachhouse.com\/wp-content\/uploads\/2025\/07\/7-piqueros-2-1-768x512.png 768w, https:\/\/cormorantbeachhouse.com\/wp-content\/uploads\/2025\/07\/7-piqueros-2-1.png 777w\" sizes=\"(max-width: 300px) 100vw, 300px\" \/><\/div><\/a>\n\t\t\t\t<div class=\"elementor-post__text\">\n\t\t\t\t<h1 class=\"elementor-post__title\">\n\t\t\t<a href=\"https:\/\/cormorantbeachhouse.com\/es\/yadayada4\/\" >\n\t\t\t\tYadayada4\t\t\t<\/a>\n\t\t<\/h1>\n\t\t\t\t<\/div>\n\t\t\t\t<div class=\"elementor-post__meta-data\">\n\t\t\t\t\t<span class=\"elementor-post-date\">\n\t\t\tagosto 19, 2025\t\t<\/span>\n\t\t\t\t<\/div>\n\t\t\t\t\t<\/div>\n\t\t<\/article>\n\t\t\t\t<article class=\"elementor-post elementor-grid-item post-1361 post type-post status-publish format-standard has-post-thumbnail hentry category-uncategorized\">\n\t\t\t<div class=\"elementor-post__card\">\n\t\t\t\t<a class=\"elementor-post__thumbnail__link\" href=\"https:\/\/cormorantbeachhouse.com\/es\/yadayada3\/\" tabindex=\"-1\" ><div class=\"elementor-post__thumbnail\"><img decoding=\"async\" width=\"300\" height=\"208\" src=\"https:\/\/cormorantbeachhouse.com\/wp-content\/uploads\/2025\/06\/Rectangle-3-4-300x208.png\" class=\"attachment-medium size-medium wp-image-303\" alt=\"\" srcset=\"https:\/\/cormorantbeachhouse.com\/wp-content\/uploads\/2025\/06\/Rectangle-3-4-300x208.png 300w, https:\/\/cormorantbeachhouse.com\/wp-content\/uploads\/2025\/06\/Rectangle-3-4.png 743w\" sizes=\"(max-width: 300px) 100vw, 300px\" \/><\/div><\/a>\n\t\t\t\t<div class=\"elementor-post__text\">\n\t\t\t\t<h1 class=\"elementor-post__title\">\n\t\t\t<a href=\"https:\/\/cormorantbeachhouse.com\/es\/yadayada3\/\" >\n\t\t\t\tYadayada3\t\t\t<\/a>\n\t\t<\/h1>\n\t\t\t\t<\/div>\n\t\t\t\t<div class=\"elementor-post__meta-data\">\n\t\t\t\t\t<span class=\"elementor-post-date\">\n\t\t\tagosto 19, 2025\t\t<\/span>\n\t\t\t\t<\/div>\n\t\t\t\t\t<\/div>\n\t\t<\/article>\n\t\t\t\t<article class=\"elementor-post elementor-grid-item post-1360 post type-post status-publish format-standard has-post-thumbnail hentry category-uncategorized\">\n\t\t\t<div class=\"elementor-post__card\">\n\t\t\t\t<a class=\"elementor-post__thumbnail__link\" href=\"https:\/\/cormorantbeachhouse.com\/es\/yadayada2\/\" tabindex=\"-1\" ><div class=\"elementor-post__thumbnail\"><img decoding=\"async\" width=\"300\" height=\"200\" src=\"https:\/\/cormorantbeachhouse.com\/wp-content\/uploads\/2025\/07\/Hotel-Cormorant-2025-120-300x200.jpg\" class=\"attachment-medium size-medium wp-image-649\" alt=\"\" srcset=\"https:\/\/cormorantbeachhouse.com\/wp-content\/uploads\/2025\/07\/Hotel-Cormorant-2025-120-300x200.jpg 300w, https:\/\/cormorantbeachhouse.com\/wp-content\/uploads\/2025\/07\/Hotel-Cormorant-2025-120-1024x683.jpg 1024w, https:\/\/cormorantbeachhouse.com\/wp-content\/uploads\/2025\/07\/Hotel-Cormorant-2025-120-768x512.jpg 768w, https:\/\/cormorantbeachhouse.com\/wp-content\/uploads\/2025\/07\/Hotel-Cormorant-2025-120.jpg 1440w\" sizes=\"(max-width: 300px) 100vw, 300px\" \/><\/div><\/a>\n\t\t\t\t<div class=\"elementor-post__text\">\n\t\t\t\t<h1 class=\"elementor-post__title\">\n\t\t\t<a href=\"https:\/\/cormorantbeachhouse.com\/es\/yadayada2\/\" >\n\t\t\t\tYadayada2\t\t\t<\/a>\n\t\t<\/h1>\n\t\t\t\t<\/div>\n\t\t\t\t<div class=\"elementor-post__meta-data\">\n\t\t\t\t\t<span class=\"elementor-post-date\">\n\t\t\tagosto 19, 2025\t\t<\/span>\n\t\t\t\t<\/div>\n\t\t\t\t\t<\/div>\n\t\t<\/article>\n\t\t\t\t<article class=\"elementor-post elementor-grid-item post-1359 post type-post status-publish format-standard has-post-thumbnail hentry category-uncategorized\">\n\t\t\t<div class=\"elementor-post__card\">\n\t\t\t\t<a class=\"elementor-post__thumbnail__link\" href=\"https:\/\/cormorantbeachhouse.com\/es\/yadayada1\/\" tabindex=\"-1\" ><div class=\"elementor-post__thumbnail\"><img loading=\"lazy\" decoding=\"async\" width=\"300\" height=\"225\" src=\"https:\/\/cormorantbeachhouse.com\/wp-content\/uploads\/2025\/07\/IMG_0465-300x225.jpg\" class=\"attachment-medium size-medium wp-image-738\" alt=\"\" srcset=\"https:\/\/cormorantbeachhouse.com\/wp-content\/uploads\/2025\/07\/IMG_0465-300x225.jpg 300w, https:\/\/cormorantbeachhouse.com\/wp-content\/uploads\/2025\/07\/IMG_0465-1024x767.jpg 1024w, https:\/\/cormorantbeachhouse.com\/wp-content\/uploads\/2025\/07\/IMG_0465-768x575.jpg 768w, https:\/\/cormorantbeachhouse.com\/wp-content\/uploads\/2025\/07\/IMG_0465.jpg 1440w\" sizes=\"(max-width: 300px) 100vw, 300px\" \/><\/div><\/a>\n\t\t\t\t<div class=\"elementor-post__text\">\n\t\t\t\t<h1 class=\"elementor-post__title\">\n\t\t\t<a href=\"https:\/\/cormorantbeachhouse.com\/es\/yadayada1\/\" >\n\t\t\t\tYadayada1\t\t\t<\/a>\n\t\t<\/h1>\n\t\t\t\t<\/div>\n\t\t\t\t<div class=\"elementor-post__meta-data\">\n\t\t\t\t\t<span class=\"elementor-post-date\">\n\t\t\tagosto 19, 2025\t\t<\/span>\n\t\t\t\t<\/div>\n\t\t\t\t\t<\/div>\n\t\t<\/article>\n\t\t\t\t<article class=\"elementor-post elementor-grid-item post-1338 post type-post status-publish format-standard has-post-thumbnail hentry category-uncategorized\">\n\t\t\t<div class=\"elementor-post__card\">\n\t\t\t\t<a class=\"elementor-post__thumbnail__link\" href=\"https:\/\/cormorantbeachhouse.com\/es\/yadayada\/\" tabindex=\"-1\" ><div class=\"elementor-post__thumbnail\"><img loading=\"lazy\" decoding=\"async\" width=\"300\" height=\"233\" src=\"https:\/\/cormorantbeachhouse.com\/wp-content\/uploads\/2025\/07\/MG_0966-1-300x233.jpg\" class=\"attachment-medium size-medium wp-image-864\" alt=\"\" srcset=\"https:\/\/cormorantbeachhouse.com\/wp-content\/uploads\/2025\/07\/MG_0966-1-300x233.jpg 300w, https:\/\/cormorantbeachhouse.com\/wp-content\/uploads\/2025\/07\/MG_0966-1-1024x795.jpg 1024w, https:\/\/cormorantbeachhouse.com\/wp-content\/uploads\/2025\/07\/MG_0966-1-768x596.jpg 768w, https:\/\/cormorantbeachhouse.com\/wp-content\/uploads\/2025\/07\/MG_0966-1.jpg 1440w\" sizes=\"(max-width: 300px) 100vw, 300px\" \/><\/div><\/a>\n\t\t\t\t<div class=\"elementor-post__text\">\n\t\t\t\t<h1 class=\"elementor-post__title\">\n\t\t\t<a href=\"https:\/\/cormorantbeachhouse.com\/es\/yadayada\/\" >\n\t\t\t\tYadayada\t\t\t<\/a>\n\t\t<\/h1>\n\t\t\t\t<\/div>\n\t\t\t\t<div class=\"elementor-post__meta-data\">\n\t\t\t\t\t<span class=\"elementor-post-date\">\n\t\t\tagosto 19, 2025\t\t<\/span>\n\t\t\t\t<\/div>\n\t\t\t\t\t<\/div>\n\t\t<\/article>\n\t\t\t\t<\/div>\n\t\t\n\t\t\t\t<div class=\"e-load-more-anchor\" data-page=\"1\" data-max-page=\"2\" data-next-page=\"https:\/\/cormorantbeachhouse.com\/es\/wp-json\/wp\/v2\/pages\/1330\/page\/2\/\"><\/div>\n\t\t\t\t<nav class=\"elementor-pagination\" aria-label=\"Pagination\">\n\t\t\t<span class=\"page-numbers prev\">&laquo; Previous<\/span>\n<span aria-current=\"page\" class=\"page-numbers current\"><span class=\"elementor-screen-only\">Page<\/span>1<\/span>\n<a class=\"page-numbers\" href=\"https:\/\/cormorantbeachhouse.com\/es\/wp-json\/wp\/v2\/pages\/1330\/page\/2\/\"><span class=\"elementor-screen-only\">Page<\/span>2<\/a>\n<a class=\"page-numbers next\" href=\"https:\/\/cormorantbeachhouse.com\/es\/wp-json\/wp\/v2\/pages\/1330\/page\/2\/\">Next &raquo;<\/a>\t\t<\/nav>\n\t\t\t\t\t\t<\/div>\n\t\t\t\t<\/div>\n\t\t\t\t\t<\/div>\n\t\t<\/div>\n\t\t\t\t\t<\/div>\n\t\t<\/section>\n\t\t\t\t<section class=\"elementor-section elementor-top-section elementor-element elementor-element-65d3ad0 elementor-reverse-mobile elementor-section-boxed elementor-section-height-default elementor-section-height-default\" data-id=\"65d3ad0\" data-element_type=\"section\" data-settings=\"{&quot;background_background&quot;:&quot;classic&quot;}\">\n\t\t\t\t\t\t<div class=\"elementor-container elementor-column-gap-default\">\n\t\t\t\t\t<div class=\"elementor-column elementor-col-100 elementor-top-column elementor-element elementor-element-1d3355e\" data-id=\"1d3355e\" data-element_type=\"column\">\n\t\t\t<div class=\"elementor-widget-wrap elementor-element-populated\">\n\t\t\t\t\t\t<div class=\"elementor-element elementor-element-277192b elementor-widget elementor-widget-heading\" data-id=\"277192b\" data-element_type=\"widget\" data-widget_type=\"heading.default\">\n\t\t\t\t<div class=\"elementor-widget-container\">\n\t\t\t\t\t<h2 class=\"elementor-heading-title elementor-size-default\">Reserva Tu Estad\u00eda<\/h2>\t\t\t\t<\/div>\n\t\t\t\t<\/div>\n\t\t\t\t<div class=\"elementor-element elementor-element-2ce3da2 elementor-widget elementor-widget-text-editor\" data-id=\"2ce3da2\" data-element_type=\"widget\" data-widget_type=\"text-editor.default\">\n\t\t\t\t<div class=\"elementor-widget-container\">\n\t\t\t\t\t\t\t\t\t<p>Bienvenidos al rinc\u00f3n m\u00e1s aut\u00e9ntico de Gal\u00e1pagos, donde la naturaleza y su gente te recibir\u00e1  con los brazos abiertos.<\/p><p><br \/>Explora, despierta y vive el encanto evolutivo.<\/p>\t\t\t\t\t\t\t\t<\/div>\n\t\t\t\t<\/div>\n\t\t\t\t<div class=\"elementor-element elementor-element-379eb47 elementor-align-center elementor-mobile-align-center elementor-widget elementor-widget-button\" data-id=\"379eb47\" data-element_type=\"widget\" data-widget_type=\"button.default\">\n\t\t\t\t<div class=\"elementor-widget-container\">\n\t\t\t\t\t\t\t\t\t<div class=\"elementor-button-wrapper\">\n\t\t\t\t\t<a class=\"elementor-button elementor-button-link elementor-size-sm\" href=\"https:\/\/cormorantbeachhouse.com\/stay\/\">\n\t\t\t\t\t\t<span class=\"elementor-button-content-wrapper\">\n\t\t\t\t\t\t\t\t\t<span class=\"elementor-button-text\">Ver Disponibilidad<\/span>\n\t\t\t\t\t<\/span>\n\t\t\t\t\t<\/a>\n\t\t\t\t<\/div>\n\t\t\t\t\t\t\t\t<\/div>\n\t\t\t\t<\/div>\n\t\t\t\t\t<\/div>\n\t\t<\/div>\n\t\t\t\t\t<\/div>\n\t\t<\/section>\n\t\t\t\t<\/div>","protected":false},"excerpt":{"rendered":"<p>News Book Your Stay This is the most authentic corner of Galapagos, where nature and we will welcome you with open arms. Explore, wake up<\/p>","protected":false},"author":1,"featured_media":0,"parent":0,"menu_order":0,"comment_status":"closed","ping_status":"closed","template":"elementor_header_footer","meta":{"footnotes":""},"class_list":["post-1330","page","type-page","status-publish","hentry"],"yoast_head":"<!-- This site is optimized with the Yoast SEO plugin v26.2 - https:\/\/yoast.com\/wordpress\/plugins\/seo\/ -->\n<title>Blog - Cormorant Beach House<\/title>\n<meta name=\"robots\" content=\"index, follow, max-snippet:-1, max-image-preview:large, max-video-preview:-1\" \/>\n<link rel=\"canonical\" href=\"https:\/\/cormorantbeachhouse.com\/es\/blog\/\" \/>\n<meta property=\"og:locale\" content=\"es_ES\" \/>\n<meta property=\"og:type\" content=\"article\" \/>\n<meta property=\"og:title\" content=\"Blog - Cormorant Beach House\" \/>\n<meta property=\"og:description\" content=\"News Book Your Stay This is the most authentic corner of Galapagos, where nature and we will welcome you with open arms. Explore, wake up\" \/>\n<meta property=\"og:url\" content=\"https:\/\/cormorantbeachhouse.com\/es\/blog\/\" \/>\n<meta property=\"og:site_name\" content=\"Cormorant Beach House\" \/>\n<meta property=\"article:modified_time\" content=\"2025-08-22T17:05:54+00:00\" \/>\n<meta name=\"twitter:card\" content=\"summary_large_image\" \/>\n<meta name=\"twitter:label1\" content=\"Tiempo de lectura\" \/>\n\t<meta name=\"twitter:data1\" content=\"1 minuto\" \/>\n<script type=\"application\/ld+json\" class=\"yoast-schema-graph\">{\"@context\":\"https:\/\/schema.org\",\"@graph\":[{\"@type\":\"WebPage\",\"@id\":\"https:\/\/cormorantbeachhouse.com\/blog\/\",\"url\":\"https:\/\/cormorantbeachhouse.com\/blog\/\",\"name\":\"Blog - Cormorant Beach House\",\"isPartOf\":{\"@id\":\"https:\/\/cormorantbeachhouse.com\/#website\"},\"datePublished\":\"2025-08-19T21:30:12+00:00\",\"dateModified\":\"2025-08-22T17:05:54+00:00\",\"breadcrumb\":{\"@id\":\"https:\/\/cormorantbeachhouse.com\/blog\/#breadcrumb\"},\"inLanguage\":\"es\",\"potentialAction\":[{\"@type\":\"ReadAction\",\"target\":[\"https:\/\/cormorantbeachhouse.com\/blog\/\"]}]},{\"@type\":\"BreadcrumbList\",\"@id\":\"https:\/\/cormorantbeachhouse.com\/blog\/#breadcrumb\",\"itemListElement\":[{\"@type\":\"ListItem\",\"position\":1,\"name\":\"Home\",\"item\":\"https:\/\/cormorantbeachhouse.com\/\"},{\"@type\":\"ListItem\",\"position\":2,\"name\":\"Blog\"}]},{\"@type\":\"WebSite\",\"@id\":\"https:\/\/cormorantbeachhouse.com\/#website\",\"url\":\"https:\/\/cormorantbeachhouse.com\/\",\"name\":\"Cormorant Beach House\",\"description\":\"\",\"potentialAction\":[{\"@type\":\"SearchAction\",\"target\":{\"@type\":\"EntryPoint\",\"urlTemplate\":\"https:\/\/cormorantbeachhouse.com\/?s={search_term_string}\"},\"query-input\":{\"@type\":\"PropertyValueSpecification\",\"valueRequired\":true,\"valueName\":\"search_term_string\"}}],\"inLanguage\":\"es\"}]}<\/script>\n<!-- \/ Yoast SEO plugin. -->","yoast_head_json":{"title":"Blog - Cormorant Beach House","robots":{"index":"index","follow":"follow","max-snippet":"max-snippet:-1","max-image-preview":"max-image-preview:large","max-video-preview":"max-video-preview:-1"},"canonical":"https:\/\/cormorantbeachhouse.com\/es\/blog\/","og_locale":"es_ES","og_type":"article","og_title":"Blog - Cormorant Beach House","og_description":"News Book Your Stay This is the most authentic corner of Galapagos, where nature and we will welcome you with open arms. Explore, wake up","og_url":"https:\/\/cormorantbeachhouse.com\/es\/blog\/","og_site_name":"Cormorant Beach House","article_modified_time":"2025-08-22T17:05:54+00:00","twitter_card":"summary_large_image","twitter_misc":{"Tiempo de lectura":"1 minuto"},"schema":{"@context":"https:\/\/schema.org","@graph":[{"@type":"WebPage","@id":"https:\/\/cormorantbeachhouse.com\/blog\/","url":"https:\/\/cormorantbeachhouse.com\/blog\/","name":"Blog - Cormorant Beach House","isPartOf":{"@id":"https:\/\/cormorantbeachhouse.com\/#website"},"datePublished":"2025-08-19T21:30:12+00:00","dateModified":"2025-08-22T17:05:54+00:00","breadcrumb":{"@id":"https:\/\/cormorantbeachhouse.com\/blog\/#breadcrumb"},"inLanguage":"es","potentialAction":[{"@type":"ReadAction","target":["https:\/\/cormorantbeachhouse.com\/blog\/"]}]},{"@type":"BreadcrumbList","@id":"https:\/\/cormorantbeachhouse.com\/blog\/#breadcrumb","itemListElement":[{"@type":"ListItem","position":1,"name":"Home","item":"https:\/\/cormorantbeachhouse.com\/"},{"@type":"ListItem","position":2,"name":"Blog"}]},{"@type":"WebSite","@id":"https:\/\/cormorantbeachhouse.com\/#website","url":"https:\/\/cormorantbeachhouse.com\/","name":"Cormorant Beach House","description":"","potentialAction":[{"@type":"SearchAction","target":{"@type":"EntryPoint","urlTemplate":"https:\/\/cormorantbeachhouse.com\/?s={search_term_string}"},"query-input":{"@type":"PropertyValueSpecification","valueRequired":true,"valueName":"search_term_string"}}],"inLanguage":"es"}]}},"_links":{"self":[{"href":"https:\/\/cormorantbeachhouse.com\/es\/wp-json\/wp\/v2\/pages\/1330","targetHints":{"allow":["GET"]}}],"collection":[{"href":"https:\/\/cormorantbeachhouse.com\/es\/wp-json\/wp\/v2\/pages"}],"about":[{"href":"https:\/\/cormorantbeachhouse.com\/es\/wp-json\/wp\/v2\/types\/page"}],"author":[{"embeddable":true,"href":"https:\/\/cormorantbeachhouse.com\/es\/wp-json\/wp\/v2\/users\/1"}],"replies":[{"embeddable":true,"href":"https:\/\/cormorantbeachhouse.com\/es\/wp-json\/wp\/v2\/comments?post=1330"}],"version-history":[{"count":0,"href":"https:\/\/cormorantbeachhouse.com\/es\/wp-json\/wp\/v2\/pages\/1330\/revisions"}],"wp:attachment":[{"href":"https:\/\/cormorantbeachhouse.com\/es\/wp-json\/wp\/v2\/media?parent=1330"}],"curies":[{"name":"wp","href":"https:\/\/api.w.org\/{rel}","templated":true}]}}